{"id":523,"date":"2019-11-15T02:58:10","date_gmt":"2019-11-15T01:58:10","guid":{"rendered":"https:\/\/www.calentadoresycalderasbogota.com\/?page_id=523"},"modified":"2025-11-21T08:07:01","modified_gmt":"2025-11-21T07:07:01","slug":"chimeneas","status":"publish","type":"page","link":"https:\/\/www.calentadoresycalderasbogota.com\/index.php\/chimeneas\/","title":{"rendered":"Chimeneas"},"content":{"rendered":"\t\t<div data-elementor-type=\"wp-page\" data-elementor-id=\"523\" class=\"elementor elementor-523\" data-elementor-settings=\"[]\">\n\t\t\t\t\t\t<div class=\"elementor-inner\">\n\t\t\t\t\t\t\t<div class=\"elementor-section-wrap\">\n\t\t\t\t\t\t\t<section class=\"elementor-section elementor-top-section elementor-element elementor-element-50c6fca elementor-section-stretched elementor-section-boxed elementor-section-height-default elementor-section-height-default\" data-id=\"50c6fca\" data-element_type=\"section\" data-settings=\"{&quot;stretch_section&quot;:&quot;section-stretched&quot;}\">\n\t\t\t\t\t\t<div class=\"elementor-container elementor-column-gap-default\">\n\t\t\t\t\t\t\t<div class=\"elementor-row\">\n\t\t\t\t\t<div class=\"elementor-column elementor-col-100 elementor-top-column elementor-element elementor-element-3b05153\" data-id=\"3b05153\" data-element_type=\"column\">\n\t\t\t<div class=\"elementor-column-wrap elementor-element-populated\">\n\t\t\t\t\t\t\t<div class=\"elementor-widget-wrap\">\n\t\t\t\t\t\t<div class=\"elementor-element elementor-element-4a65824 elementor-invisible elementor-widget elementor-widget-heading\" data-id=\"4a65824\" data-element_type=\"widget\" data-settings=\"{&quot;_animation&quot;:&quot;slideInLeft&quot;}\" data-widget_type=\"heading.default\">\n\t\t\t\t<div class=\"elementor-widget-container\">\n\t\t\t<h2 class=\"elementor-heading-title elementor-size-default\">Chimeneas<\/h2>\t\t<\/div>\n\t\t\t\t<\/div>\n\t\t\t\t<div class=\"elementor-element elementor-element-d5a1154 elementor-widget-divider--view-line elementor-invisible elementor-widget elementor-widget-divider\" data-id=\"d5a1154\" data-element_type=\"widget\" data-settings=\"{&quot;_animation&quot;:&quot;slideInLeft&quot;}\" data-widget_type=\"divider.default\">\n\t\t\t\t<div class=\"elementor-widget-container\">\n\t\t\t\t\t<div class=\"elementor-divider\">\n\t\t\t<span class=\"elementor-divider-separator\">\n\t\t\t\t\t\t<\/span>\n\t\t<\/div>\n\t\t\t\t<\/div>\n\t\t\t\t<\/div>\n\t\t\t\t\t\t<\/div>\n\t\t\t\t\t<\/div>\n\t\t<\/div>\n\t\t\t\t\t\t\t\t<\/div>\n\t\t\t\t\t<\/div>\n\t\t<\/section>\n\t\t\t\t<section class=\"elementor-section elementor-top-section elementor-element elementor-element-1a877604 elementor-section-stretched elementor-section-boxed elementor-section-height-default elementor-section-height-default\" data-id=\"1a877604\" data-element_type=\"section\" data-settings=\"{&quot;stretch_section&quot;:&quot;section-stretched&quot;}\">\n\t\t\t\t\t\t<div class=\"elementor-container elementor-column-gap-default\">\n\t\t\t\t\t\t\t<div class=\"elementor-row\">\n\t\t\t\t\t<div class=\"elementor-column elementor-col-50 elementor-top-column elementor-element elementor-element-6111c29d\" data-id=\"6111c29d\" data-element_type=\"column\">\n\t\t\t<div class=\"elementor-column-wrap elementor-element-populated\">\n\t\t\t\t\t\t\t<div class=\"elementor-widget-wrap\">\n\t\t\t\t\t\t<div class=\"elementor-element elementor-element-7ef41fd6 elementor-widget elementor-widget-text-editor\" data-id=\"7ef41fd6\" data-element_type=\"widget\" data-widget_type=\"text-editor.default\">\n\t\t\t\t<div class=\"elementor-widget-container\">\n\t\t\t\t\t\t\t\t<div class=\"elementor-text-editor elementor-clearfix\">\n\t\t\t\t<p>En Acuahot SAS ponemos a su disposici\u00f3n Venta de Chimeneas a Gas y El\u00e9ctricas con Bioetanol, adem\u00e1s le ofrecemos Servicios de Reparaci\u00f3n, Mantenimiento e Instalaci\u00f3n en Bogot\u00e1 y Cali. Realizamos Instalaciones desde punto cero, Instalaci\u00f3n de acometidas de gas, Fabricaci\u00f3n de flautas en acero inoxidable, Manejamos toda clase de repuestos, Contamos con controles de ignici\u00f3n con sensor de llama y sin sensor de llama, Control remoto para apagado o encendido de llama y tambi\u00e9n control remoto para aumentar o disminuir la llama de sus equipos.<\/p>\n<p>Si usted requiere un sistema de calefacci\u00f3n para su hogar solo debe contactarnos. Le brindamos la asesoria necesaria en cuanto al dise\u00f1o, fabricaci\u00f3n e instalaci\u00f3n de chimeneas manuales y automaticas. Las manuales se las podemos ofrecer desde $ 1.500.000 de muy alta calidad. Pero si prefiere algo mas novedoso tambi\u00e9n contamos con chimeneas autom\u00e1ticas y de control remoto, pueden ser ventiladas y no ventiladas. Somos fabricantes por eso les tenemos los mejores precios, modelos modernos, dise\u00f1os en 3D, Tipo loft, como usted lo necesite.<\/p>\n<p>Poseemos una gran variedad de opciones para calefacci\u00f3n de sus ambientes. Somos su mejor opci\u00f3n en precios y calidad.<\/p>\t\t\t\t\t<\/div>\n\t\t\t\t\t\t<\/div>\n\t\t\t\t<\/div>\n\t\t\t\t\t\t<\/div>\n\t\t\t\t\t<\/div>\n\t\t<\/div>\n\t\t\t\t<div class=\"elementor-column elementor-col-50 elementor-top-column elementor-element elementor-element-a082d6b\" data-id=\"a082d6b\" data-element_type=\"column\">\n\t\t\t<div class=\"elementor-column-wrap elementor-element-populated\">\n\t\t\t\t\t\t\t<div class=\"elementor-widget-wrap\">\n\t\t\t\t\t\t<div class=\"elementor-element elementor-element-7eb4bfc elementor-aspect-ratio-169 elementor-widget elementor-widget-video\" data-id=\"7eb4bfc\" data-element_type=\"widget\" data-settings=\"{&quot;youtube_url&quot;:&quot;https:\\\/\\\/www.youtube.com\\\/watch?v=D8t6IBjM49Q&quot;,&quot;video_type&quot;:&quot;youtube&quot;,&quot;controls&quot;:&quot;yes&quot;,&quot;aspect_ratio&quot;:&quot;169&quot;}\" data-widget_type=\"video.default\">\n\t\t\t\t<div class=\"elementor-widget-container\">\n\t\t\t\t\t<div class=\"elementor-wrapper elementor-fit-aspect-ratio elementor-open-inline\">\n\t\t\t<div class=\"elementor-video\"><\/div>\t\t<\/div>\n\t\t\t\t<\/div>\n\t\t\t\t<\/div>\n\t\t\t\t<div class=\"elementor-element elementor-element-71f6266 elementor-button-warning elementor-align-center elementor-widget elementor-widget-button\" data-id=\"71f6266\" data-element_type=\"widget\" data-widget_type=\"button.default\">\n\t\t\t\t<div class=\"elementor-widget-container\">\n\t\t\t\t\t<div class=\"elementor-button-wrapper\">\n\t\t\t<a href=\"https:\/\/api.whatsapp.com\/send?phone=573144734137\" class=\"elementor-button-link elementor-button elementor-size-sm\" role=\"button\">\n\t\t\t\t\t\t<span class=\"elementor-button-content-wrapper\">\n\t\t\t\t\t\t<span class=\"elementor-button-icon elementor-align-icon-right\">\n\t\t\t\t<i aria-hidden=\"true\" class=\"fas fa-angle-right\"><\/i>\t\t\t<\/span>\n\t\t\t\t\t\t<span class=\"elementor-button-text\">Solicita tu Cotizaci\u00f3n<\/span>\n\t\t<\/span>\n\t\t\t\t\t<\/a>\n\t\t<\/div>\n\t\t\t\t<\/div>\n\t\t\t\t<\/div>\n\t\t\t\t\t\t<\/div>\n\t\t\t\t\t<\/div>\n\t\t<\/div>\n\t\t\t\t\t\t\t\t<\/div>\n\t\t\t\t\t<\/div>\n\t\t<\/section>\n\t\t\t\t<section class=\"elementor-section elementor-top-section elementor-element elementor-element-c5a5bd5 elementor-section-stretched elementor-section-boxed elementor-section-height-default elementor-section-height-default\" data-id=\"c5a5bd5\" data-element_type=\"section\" data-settings=\"{&quot;stretch_section&quot;:&quot;section-stretched&quot;}\">\n\t\t\t\t\t\t<div class=\"elementor-container elementor-column-gap-default\">\n\t\t\t\t\t\t\t<div class=\"elementor-row\">\n\t\t\t\t\t<div class=\"elementor-column elementor-col-100 elementor-top-column elementor-element elementor-element-a78267c\" data-id=\"a78267c\" data-element_type=\"column\">\n\t\t\t<div class=\"elementor-column-wrap elementor-element-populated\">\n\t\t\t\t\t\t\t<div class=\"elementor-widget-wrap\">\n\t\t\t\t\t\t<div class=\"elementor-element elementor-element-5a74067 elementor-invisible elementor-widget elementor-widget-heading\" data-id=\"5a74067\" data-element_type=\"widget\" data-settings=\"{&quot;_animation&quot;:&quot;slideInLeft&quot;}\" data-widget_type=\"heading.default\">\n\t\t\t\t<div class=\"elementor-widget-container\">\n\t\t\t<h2 class=\"elementor-heading-title elementor-size-default\">Ofrecemos dise\u00f1os modernos<\/h2>\t\t<\/div>\n\t\t\t\t<\/div>\n\t\t\t\t<div class=\"elementor-element elementor-element-7349171 elementor-widget-divider--view-line elementor-invisible elementor-widget elementor-widget-divider\" data-id=\"7349171\" data-element_type=\"widget\" data-settings=\"{&quot;_animation&quot;:&quot;slideInLeft&quot;}\" data-widget_type=\"divider.default\">\n\t\t\t\t<div class=\"elementor-widget-container\">\n\t\t\t\t\t<div class=\"elementor-divider\">\n\t\t\t<span class=\"elementor-divider-separator\">\n\t\t\t\t\t\t<\/span>\n\t\t<\/div>\n\t\t\t\t<\/div>\n\t\t\t\t<\/div>\n\t\t\t\t\t\t<\/div>\n\t\t\t\t\t<\/div>\n\t\t<\/div>\n\t\t\t\t\t\t\t\t<\/div>\n\t\t\t\t\t<\/div>\n\t\t<\/section>\n\t\t\t\t<section class=\"elementor-section elementor-top-section elementor-element elementor-element-bdf7512 elementor-section-stretched elementor-section-boxed elementor-section-height-default elementor-section-height-default\" data-id=\"bdf7512\" data-element_type=\"section\" data-settings=\"{&quot;stretch_section&quot;:&quot;section-stretched&quot;}\">\n\t\t\t\t\t\t<div class=\"elementor-container elementor-column-gap-default\">\n\t\t\t\t\t\t\t<div class=\"elementor-row\">\n\t\t\t\t\t<div class=\"elementor-column elementor-col-100 elementor-top-column elementor-element elementor-element-4ebae51\" data-id=\"4ebae51\" data-element_type=\"column\">\n\t\t\t<div class=\"elementor-column-wrap elementor-element-populated\">\n\t\t\t\t\t\t\t<div class=\"elementor-widget-wrap\">\n\t\t\t\t\t\t<div class=\"elementor-element elementor-element-b969189 elementor-arrows-position-inside elementor-pagination-position-outside elementor-widget elementor-widget-image-carousel\" data-id=\"b969189\" data-element_type=\"widget\" data-settings=\"{&quot;slides_to_show&quot;:&quot;1&quot;,&quot;navigation&quot;:&quot;both&quot;,&quot;autoplay&quot;:&quot;yes&quot;,&quot;pause_on_hover&quot;:&quot;yes&quot;,&quot;pause_on_interaction&quot;:&quot;yes&quot;,&quot;autoplay_speed&quot;:5000,&quot;infinite&quot;:&quot;yes&quot;,&quot;effect&quot;:&quot;slide&quot;,&quot;speed&quot;:500}\" data-widget_type=\"image-carousel.default\">\n\t\t\t\t<div class=\"elementor-widget-container\">\n\t\t\t\t\t<div class=\"elementor-image-carousel-wrapper swiper-container\" dir=\"ltr\">\n\t\t\t<div class=\"elementor-image-carousel swiper-wrapper\">\n\t\t\t\t\t\t\t\t<div class=\"swiper-slide\"><figure class=\"swiper-slide-inner\"><img class=\"swiper-slide-image\" src=\"https:\/\/www.calentadoresycalderasbogota.com\/wp-content\/uploads\/2019\/11\/chimeneas1-768x510.jpg\" alt=\"chimeneas1\" \/><\/figure><\/div><div class=\"swiper-slide\"><figure class=\"swiper-slide-inner\"><img class=\"swiper-slide-image\" src=\"https:\/\/www.calentadoresycalderasbogota.com\/wp-content\/uploads\/2019\/11\/chimeneas-768x432.jpg\" alt=\"chimeneas\" \/><\/figure><\/div><div class=\"swiper-slide\"><figure class=\"swiper-slide-inner\"><img class=\"swiper-slide-image\" src=\"https:\/\/www.calentadoresycalderasbogota.com\/wp-content\/uploads\/2019\/12\/chimeneas2-768x576.jpg\" alt=\"chimeneas2\" \/><\/figure><\/div><div class=\"swiper-slide\"><figure class=\"swiper-slide-inner\"><img class=\"swiper-slide-image\" src=\"https:\/\/www.calentadoresycalderasbogota.com\/wp-content\/uploads\/2019\/12\/Chimeneas3-768x568.jpg\" alt=\"Chimeneas3\" \/><\/figure><\/div><div class=\"swiper-slide\"><figure class=\"swiper-slide-inner\"><img class=\"swiper-slide-image\" src=\"https:\/\/www.calentadoresycalderasbogota.com\/wp-content\/uploads\/2019\/12\/Chimeneas4-768x513.jpg\" alt=\"Chimeneas4\" \/><\/figure><\/div><div class=\"swiper-slide\"><figure class=\"swiper-slide-inner\"><img class=\"swiper-slide-image\" src=\"https:\/\/www.calentadoresycalderasbogota.com\/wp-content\/uploads\/2019\/12\/living-room-1515976_1920-768x512.jpg\" alt=\"living-room-1515976_1920\" \/><\/figure><\/div><div class=\"swiper-slide\"><figure class=\"swiper-slide-inner\"><img class=\"swiper-slide-image\" src=\"https:\/\/www.calentadoresycalderasbogota.com\/wp-content\/uploads\/2019\/12\/relaxing-1979674_1920-768x526.jpg\" alt=\"relaxing-1979674_1920\" \/><\/figure><\/div><div class=\"swiper-slide\"><figure class=\"swiper-slide-inner\"><img class=\"swiper-slide-image\" src=\"https:\/\/www.calentadoresycalderasbogota.com\/wp-content\/uploads\/2019\/12\/fireplace-558985_1920-768x512.jpg\" alt=\"fireplace-558985_1920\" \/><\/figure><\/div>\t\t\t<\/div>\n\t\t\t\t\t\t\t\t\t\t\t\t<div class=\"swiper-pagination\"><\/div>\n\t\t\t\t\t\t\t\t\t\t\t\t\t<div class=\"elementor-swiper-button elementor-swiper-button-prev\">\n\t\t\t\t\t\t<i class=\"eicon-chevron-left\" aria-hidden=\"true\"><\/i>\n\t\t\t\t\t\t<span class=\"elementor-screen-only\">Anterior<\/span>\n\t\t\t\t\t<\/div>\n\t\t\t\t\t<div class=\"elementor-swiper-button elementor-swiper-button-next\">\n\t\t\t\t\t\t<i class=\"eicon-chevron-right\" aria-hidden=\"true\"><\/i>\n\t\t\t\t\t\t<span class=\"elementor-screen-only\">Siguiente<\/span>\n\t\t\t\t\t<\/div>\n\t\t\t\t\t\t\t\t\t<\/div>\n\t\t\t\t<\/div>\n\t\t\t\t<\/div>\n\t\t\t\t<div class=\"elementor-element elementor-element-899bad3 elementor-widget elementor-widget-spacer\" data-id=\"899bad3\" data-element_type=\"widget\" data-widget_type=\"spacer.default\">\n\t\t\t\t<div class=\"elementor-widget-container\">\n\t\t\t\t\t<div class=\"elementor-spacer\">\n\t\t\t<div class=\"elementor-spacer-inner\"><\/div>\n\t\t<\/div>\n\t\t\t\t<\/div>\n\t\t\t\t<\/div>\n\t\t\t\t<div class=\"elementor-element elementor-element-b97ed8d elementor-invisible elementor-widget elementor-widget-heading\" data-id=\"b97ed8d\" data-element_type=\"widget\" data-settings=\"{&quot;_animation&quot;:&quot;slideInLeft&quot;}\" data-widget_type=\"heading.default\">\n\t\t\t\t<div class=\"elementor-widget-container\">\n\t\t\t<h2 class=\"elementor-heading-title elementor-size-default\">Aceptamos todos tus medios de pago<\/h2>\t\t<\/div>\n\t\t\t\t<\/div>\n\t\t\t\t<div class=\"elementor-element elementor-element-ecf7e8d elementor-widget-divider--view-line elementor-invisible elementor-widget elementor-widget-divider\" data-id=\"ecf7e8d\" data-element_type=\"widget\" data-settings=\"{&quot;_animation&quot;:&quot;slideInLeft&quot;}\" data-widget_type=\"divider.default\">\n\t\t\t\t<div class=\"elementor-widget-container\">\n\t\t\t\t\t<div class=\"elementor-divider\">\n\t\t\t<span class=\"elementor-divider-separator\">\n\t\t\t\t\t\t<\/span>\n\t\t<\/div>\n\t\t\t\t<\/div>\n\t\t\t\t<\/div>\n\t\t\t\t\t\t<\/div>\n\t\t\t\t\t<\/div>\n\t\t<\/div>\n\t\t\t\t\t\t\t\t<\/div>\n\t\t\t\t\t<\/div>\n\t\t<\/section>\n\t\t\t\t<section class=\"elementor-section elementor-top-section elementor-element elementor-element-758631e elementor-section-stretched elementor-section-boxed elementor-section-height-default elementor-section-height-default\" data-id=\"758631e\" data-element_type=\"section\" data-settings=\"{&quot;stretch_section&quot;:&quot;section-stretched&quot;}\">\n\t\t\t\t\t\t<div class=\"elementor-container elementor-column-gap-default\">\n\t\t\t\t\t\t\t<div class=\"elementor-row\">\n\t\t\t\t\t<div class=\"elementor-column elementor-col-100 elementor-top-column elementor-element elementor-element-bd86e8b\" data-id=\"bd86e8b\" data-element_type=\"column\">\n\t\t\t<div class=\"elementor-column-wrap elementor-element-populated\">\n\t\t\t\t\t\t\t<div class=\"elementor-widget-wrap\">\n\t\t\t\t\t\t<div class=\"elementor-element elementor-element-b049b92 elementor-widget elementor-widget-image\" data-id=\"b049b92\" data-element_type=\"widget\" data-widget_type=\"image.default\">\n\t\t\t\t<div class=\"elementor-widget-container\">\n\t\t\t\t\t\t\t\t<div class=\"elementor-image\">\n\t\t\t\t\t\t\t\t\t\t\t\t<img width=\"400\" height=\"226\" src=\"https:\/\/www.calentadoresycalderasbogota.com\/wp-content\/uploads\/2019\/11\/PayU-1.png\" class=\"attachment-medium_large size-medium_large\" alt=\"\" loading=\"lazy\" srcset=\"https:\/\/www.calentadoresycalderasbogota.com\/wp-content\/uploads\/2019\/11\/PayU-1.png 400w, https:\/\/www.calentadoresycalderasbogota.com\/wp-content\/uploads\/2019\/11\/PayU-1-300x170.png 300w\" sizes=\"(max-width: 400px) 100vw, 400px\" \/>\t\t\t\t\t\t\t\t\t\t\t\t\t\t<\/div>\n\t\t\t\t\t\t<\/div>\n\t\t\t\t<\/div>\n\t\t\t\t\t\t<\/div>\n\t\t\t\t\t<\/div>\n\t\t<\/div>\n\t\t\t\t\t\t\t\t<\/div>\n\t\t\t\t\t<\/div>\n\t\t<\/section>\n\t\t\t\t\t\t<\/div>\n\t\t\t\t\t\t<\/div>\n\t\t\t\t\t<\/div>\n\t\t","protected":false},"excerpt":{"rendered":"<p>Chimeneas En Acuahot SAS ponemos a su disposici\u00f3n Venta de Chimeneas a Gas y El\u00e9ctricas con Bioetanol, adem\u00e1s le ofrecemos Servicios de Reparaci\u00f3n, Mantenimiento e Instalaci\u00f3n en Bogot\u00e1 y Cali. Realizamos Instalaciones desde punto cero, Instalaci\u00f3n de acometidas de gas, Fabricaci\u00f3n de flautas en acero inoxidable, Manejamos toda clase de repuestos, Contamos con controles de [&hellip;]<\/p>\n","protected":false},"author":1,"featured_media":0,"parent":0,"menu_order":0,"comment_status":"closed","ping_status":"closed","template":"","meta":[],"yoast_head":"<!-- This site is optimized with the Yoast SEO plugin v17.1 - https:\/\/yoast.com\/wordpress\/plugins\/seo\/ -->\n<title>Chimeneas - Chimeneas a Gas - Chimeneas Bioetanol - ACUAHOT SAS<\/title>\n<meta name=\"description\" content=\"Venta, Fabricaci\u00f3n e Instalaci\u00f3n de Chimeneas. Servicios de Reparaci\u00f3n y Mantenimiento de Chimeneas a Gas y Bioetanol en Bogot\u00e1.\" \/>\n<meta name=\"robots\" content=\"index, follow, max-snippet:-1, max-image-preview:large, max-video-preview:-1\" \/>\n<link rel=\"canonical\" href=\"https:\/\/www.calentadoresycalderasbogota.com\/index.php\/chimeneas\/\" \/>\n<meta property=\"og:locale\" content=\"es_ES\" \/>\n<meta property=\"og:type\" content=\"article\" \/>\n<meta property=\"og:title\" content=\"Chimeneas - Chimeneas a Gas - Chimeneas Bioetanol - ACUAHOT SAS\" \/>\n<meta property=\"og:description\" content=\"Venta, Fabricaci\u00f3n e Instalaci\u00f3n de Chimeneas. Servicios de Reparaci\u00f3n y Mantenimiento de Chimeneas a Gas y Bioetanol en Bogot\u00e1.\" \/>\n<meta property=\"og:url\" content=\"https:\/\/www.calentadoresycalderasbogota.com\/index.php\/chimeneas\/\" \/>\n<meta property=\"og:site_name\" content=\"Acuahot SAS\" \/>\n<meta property=\"article:publisher\" content=\"https:\/\/www.facebook.com\/calentadoresycalderasbogota\/\" \/>\n<meta property=\"article:modified_time\" content=\"2025-11-21T07:07:01+00:00\" \/>\n<meta property=\"og:image\" content=\"https:\/\/www.calentadoresycalderasbogota.com\/wp-content\/uploads\/2019\/11\/chimeneas1-768x510.jpg\" \/>\n<meta name=\"twitter:card\" content=\"summary_large_image\" \/>\n<meta name=\"twitter:site\" content=\"@calderasbogota\" \/>\n<meta name=\"twitter:label1\" content=\"Tiempo de lectura\" \/>\n\t<meta name=\"twitter:data1\" content=\"4 minutos\" \/>\n<script type=\"application\/ld+json\" class=\"yoast-schema-graph\">{\"@context\":\"https:\/\/schema.org\",\"@graph\":[{\"@type\":\"Organization\",\"@id\":\"https:\/\/www.calentadoresycalderasbogota.com\/#organization\",\"name\":\"Acuahot S.A.S\",\"url\":\"https:\/\/www.calentadoresycalderasbogota.com\/\",\"sameAs\":[\"https:\/\/www.facebook.com\/calentadoresycalderasbogota\/\",\"https:\/\/www.linkedin.com\/in\/calentadores-y-calderas-bogota\/\",\"https:\/\/www.youtube.com\/channel\/UCnzIwU2b4lEnwnWc4nToF3A\",\"https:\/\/twitter.com\/calderasbogota\"],\"logo\":{\"@type\":\"ImageObject\",\"@id\":\"https:\/\/www.calentadoresycalderasbogota.com\/#logo\",\"inLanguage\":\"es\",\"url\":\"https:\/\/www.calentadoresycalderasbogota.com\/wp-content\/uploads\/2019\/11\/Logo-acuahot-sas100x100.png\",\"contentUrl\":\"https:\/\/www.calentadoresycalderasbogota.com\/wp-content\/uploads\/2019\/11\/Logo-acuahot-sas100x100.png\",\"width\":100,\"height\":104,\"caption\":\"Acuahot S.A.S\"},\"image\":{\"@id\":\"https:\/\/www.calentadoresycalderasbogota.com\/#logo\"}},{\"@type\":\"WebSite\",\"@id\":\"https:\/\/www.calentadoresycalderasbogota.com\/#website\",\"url\":\"https:\/\/www.calentadoresycalderasbogota.com\/\",\"name\":\"Acuahot SAS\",\"description\":\"Calentadores - Calderas - Calefactores\",\"publisher\":{\"@id\":\"https:\/\/www.calentadoresycalderasbogota.com\/#organization\"},\"potentialAction\":[{\"@type\":\"SearchAction\",\"target\":{\"@type\":\"EntryPoint\",\"urlTemplate\":\"https:\/\/www.calentadoresycalderasbogota.com\/?s={search_term_string}\"},\"query-input\":\"required name=search_term_string\"}],\"inLanguage\":\"es\"},{\"@type\":\"ImageObject\",\"@id\":\"https:\/\/www.calentadoresycalderasbogota.com\/index.php\/chimeneas\/#primaryimage\",\"inLanguage\":\"es\",\"url\":\"https:\/\/www.calentadoresycalderasbogota.com\/wp-content\/uploads\/2019\/11\/chimeneas1.jpg\",\"contentUrl\":\"https:\/\/www.calentadoresycalderasbogota.com\/wp-content\/uploads\/2019\/11\/chimeneas1.jpg\",\"width\":1200,\"height\":797},{\"@type\":\"WebPage\",\"@id\":\"https:\/\/www.calentadoresycalderasbogota.com\/index.php\/chimeneas\/#webpage\",\"url\":\"https:\/\/www.calentadoresycalderasbogota.com\/index.php\/chimeneas\/\",\"name\":\"Chimeneas - Chimeneas a Gas - Chimeneas Bioetanol - ACUAHOT SAS\",\"isPartOf\":{\"@id\":\"https:\/\/www.calentadoresycalderasbogota.com\/#website\"},\"primaryImageOfPage\":{\"@id\":\"https:\/\/www.calentadoresycalderasbogota.com\/index.php\/chimeneas\/#primaryimage\"},\"datePublished\":\"2019-11-15T01:58:10+00:00\",\"dateModified\":\"2025-11-21T07:07:01+00:00\",\"description\":\"Venta, Fabricaci\\u00f3n e Instalaci\\u00f3n de Chimeneas. Servicios de Reparaci\\u00f3n y Mantenimiento de Chimeneas a Gas y Bioetanol en Bogot\\u00e1.\",\"breadcrumb\":{\"@id\":\"https:\/\/www.calentadoresycalderasbogota.com\/index.php\/chimeneas\/#breadcrumb\"},\"inLanguage\":\"es\",\"potentialAction\":[{\"@type\":\"ReadAction\",\"target\":[\"https:\/\/www.calentadoresycalderasbogota.com\/index.php\/chimeneas\/\"]}]},{\"@type\":\"BreadcrumbList\",\"@id\":\"https:\/\/www.calentadoresycalderasbogota.com\/index.php\/chimeneas\/#breadcrumb\",\"itemListElement\":[{\"@type\":\"ListItem\",\"position\":1,\"name\":\"Portada\",\"item\":\"https:\/\/www.calentadoresycalderasbogota.com\/\"},{\"@type\":\"ListItem\",\"position\":2,\"name\":\"Chimeneas\"}]}]}<\/script>\n<!-- \/ Yoast SEO plugin. -->","yoast_head_json":{"title":"Chimeneas - Chimeneas a Gas - Chimeneas Bioetanol - ACUAHOT SAS","description":"Venta, Fabricaci\u00f3n e Instalaci\u00f3n de Chimeneas. Servicios de Reparaci\u00f3n y Mantenimiento de Chimeneas a Gas y Bioetanol en Bogot\u00e1.","robots":{"index":"index","follow":"follow","max-snippet":"max-snippet:-1","max-image-preview":"max-image-preview:large","max-video-preview":"max-video-preview:-1"},"canonical":"https:\/\/www.calentadoresycalderasbogota.com\/index.php\/chimeneas\/","og_locale":"es_ES","og_type":"article","og_title":"Chimeneas - Chimeneas a Gas - Chimeneas Bioetanol - ACUAHOT SAS","og_description":"Venta, Fabricaci\u00f3n e Instalaci\u00f3n de Chimeneas. Servicios de Reparaci\u00f3n y Mantenimiento de Chimeneas a Gas y Bioetanol en Bogot\u00e1.","og_url":"https:\/\/www.calentadoresycalderasbogota.com\/index.php\/chimeneas\/","og_site_name":"Acuahot SAS","article_publisher":"https:\/\/www.facebook.com\/calentadoresycalderasbogota\/","article_modified_time":"2025-11-21T07:07:01+00:00","og_image":[{"url":"https:\/\/www.calentadoresycalderasbogota.com\/wp-content\/uploads\/2019\/11\/chimeneas1-768x510.jpg"}],"twitter_card":"summary_large_image","twitter_site":"@calderasbogota","twitter_misc":{"Tiempo de lectura":"4 minutos"},"schema":{"@context":"https:\/\/schema.org","@graph":[{"@type":"Organization","@id":"https:\/\/www.calentadoresycalderasbogota.com\/#organization","name":"Acuahot S.A.S","url":"https:\/\/www.calentadoresycalderasbogota.com\/","sameAs":["https:\/\/www.facebook.com\/calentadoresycalderasbogota\/","https:\/\/www.linkedin.com\/in\/calentadores-y-calderas-bogota\/","https:\/\/www.youtube.com\/channel\/UCnzIwU2b4lEnwnWc4nToF3A","https:\/\/twitter.com\/calderasbogota"],"logo":{"@type":"ImageObject","@id":"https:\/\/www.calentadoresycalderasbogota.com\/#logo","inLanguage":"es","url":"https:\/\/www.calentadoresycalderasbogota.com\/wp-content\/uploads\/2019\/11\/Logo-acuahot-sas100x100.png","contentUrl":"https:\/\/www.calentadoresycalderasbogota.com\/wp-content\/uploads\/2019\/11\/Logo-acuahot-sas100x100.png","width":100,"height":104,"caption":"Acuahot S.A.S"},"image":{"@id":"https:\/\/www.calentadoresycalderasbogota.com\/#logo"}},{"@type":"WebSite","@id":"https:\/\/www.calentadoresycalderasbogota.com\/#website","url":"https:\/\/www.calentadoresycalderasbogota.com\/","name":"Acuahot SAS","description":"Calentadores - Calderas - Calefactores","publisher":{"@id":"https:\/\/www.calentadoresycalderasbogota.com\/#organization"},"potentialAction":[{"@type":"SearchAction","target":{"@type":"EntryPoint","urlTemplate":"https:\/\/www.calentadoresycalderasbogota.com\/?s={search_term_string}"},"query-input":"required name=search_term_string"}],"inLanguage":"es"},{"@type":"ImageObject","@id":"https:\/\/www.calentadoresycalderasbogota.com\/index.php\/chimeneas\/#primaryimage","inLanguage":"es","url":"https:\/\/www.calentadoresycalderasbogota.com\/wp-content\/uploads\/2019\/11\/chimeneas1.jpg","contentUrl":"https:\/\/www.calentadoresycalderasbogota.com\/wp-content\/uploads\/2019\/11\/chimeneas1.jpg","width":1200,"height":797},{"@type":"WebPage","@id":"https:\/\/www.calentadoresycalderasbogota.com\/index.php\/chimeneas\/#webpage","url":"https:\/\/www.calentadoresycalderasbogota.com\/index.php\/chimeneas\/","name":"Chimeneas - Chimeneas a Gas - Chimeneas Bioetanol - ACUAHOT SAS","isPartOf":{"@id":"https:\/\/www.calentadoresycalderasbogota.com\/#website"},"primaryImageOfPage":{"@id":"https:\/\/www.calentadoresycalderasbogota.com\/index.php\/chimeneas\/#primaryimage"},"datePublished":"2019-11-15T01:58:10+00:00","dateModified":"2025-11-21T07:07:01+00:00","description":"Venta, Fabricaci\u00f3n e Instalaci\u00f3n de Chimeneas. Servicios de Reparaci\u00f3n y Mantenimiento de Chimeneas a Gas y Bioetanol en Bogot\u00e1.","breadcrumb":{"@id":"https:\/\/www.calentadoresycalderasbogota.com\/index.php\/chimeneas\/#breadcrumb"},"inLanguage":"es","potentialAction":[{"@type":"ReadAction","target":["https:\/\/www.calentadoresycalderasbogota.com\/index.php\/chimeneas\/"]}]},{"@type":"BreadcrumbList","@id":"https:\/\/www.calentadoresycalderasbogota.com\/index.php\/chimeneas\/#breadcrumb","itemListElement":[{"@type":"ListItem","position":1,"name":"Portada","item":"https:\/\/www.calentadoresycalderasbogota.com\/"},{"@type":"ListItem","position":2,"name":"Chimeneas"}]}]}},"_links":{"self":[{"href":"https:\/\/www.calentadoresycalderasbogota.com\/index.php\/wp-json\/wp\/v2\/pages\/523"}],"collection":[{"href":"https:\/\/www.calentadoresycalderasbogota.com\/index.php\/wp-json\/wp\/v2\/pages"}],"about":[{"href":"https:\/\/www.calentadoresycalderasbogota.com\/index.php\/wp-json\/wp\/v2\/types\/page"}],"author":[{"embeddable":true,"href":"https:\/\/www.calentadoresycalderasbogota.com\/index.php\/wp-json\/wp\/v2\/users\/1"}],"replies":[{"embeddable":true,"href":"https:\/\/www.calentadoresycalderasbogota.com\/index.php\/wp-json\/wp\/v2\/comments?post=523"}],"version-history":[{"count":92,"href":"https:\/\/www.calentadoresycalderasbogota.com\/index.php\/wp-json\/wp\/v2\/pages\/523\/revisions"}],"predecessor-version":[{"id":2364,"href":"https:\/\/www.calentadoresycalderasbogota.com\/index.php\/wp-json\/wp\/v2\/pages\/523\/revisions\/2364"}],"wp:attachment":[{"href":"https:\/\/www.calentadoresycalderasbogota.com\/index.php\/wp-json\/wp\/v2\/media?parent=523"}],"curies":[{"name":"wp","href":"https:\/\/api.w.org\/{rel}","templated":true}]}}